{"id":2,"date":"2011-02-24T10:26:41","date_gmt":"2011-02-24T10:26:41","guid":{"rendered":"http:\/\/www.foerderverein-gs-kibo.de\/?page_id=2"},"modified":"2023-05-26T19:43:09","modified_gmt":"2023-05-26T17:43:09","slug":"eine-seite","status":"publish","type":"page","link":"https:\/\/www.foerderverein-gs-kibo.de\/","title":{"rendered":"Startseite"},"content":{"rendered":"<p>Herzlich Willkommen,<\/p>\n<p>auf dem Blog des F\u00f6rdervereins der Grundschule Kirchheimbolanden. Wir w\u00fcnschen Ihnen viel Spa\u00df beim St\u00f6bern und freuen uns auf viele Beitr\u00e4ge.<\/p>\n<p>Peter Liebsch\u00a0(1. Vorsitzender)<\/p>\n<h2>Aktuelles:<\/h2>\n<ul>\n<li>21.06.2023 19.00 Uhr Jahreshauptversammlung mit Neuwahlen<\/li>\n<li>12.03.2023 Fr\u00fchlingserwachen in Kirchheimbolanden GS mit dabei. (Stand)<\/li>\n<li>Jahreshauptversammlung 26.04.2023 \/ 19.00 Uhr GS Lehrerzimmer \/ Gesch\u00e4ftsjahr 2022<\/li>\n<li><b><strong>Fairtrade <\/strong><\/b>Nikolausaktion f\u00fcr die Kinder der Grundschule \/ alle Kinder bekommen einen Schockoladen Nikolaus geschenkt.<\/li>\n<li>Jahreshauptversammlung am 30.11.2022 \/ Satzungs\u00e4nderung \/ Beitragsanpassung<\/li>\n<\/ul>\n<p>Fr\u00fchlingserwachen 2023<\/p>\n<p><strong><a href=\"http:\/\/www.foerderverein-gs-kibo.de\/?p=392\">Dreck-Weg-Tag 2022<\/a><\/strong><\/p>\n<p><a href=\"http:\/\/www.foerderverein-gs-kibo.de\/?cat=1\"><span style=\"color: #0000ff;\"><strong>Neuer Vorstand im F\u00f6rderverein Grundschule<\/strong><\/span><\/a><\/p>\n<p><strong><span style=\"color: #0000ff;\"><a style=\"color: #0000ff;\" href=\"https:\/\/www.grundschule-kirchheimbolanden.de\/elternbeirat\">Neuer Schulelternbeirat in der Grundschule<\/a><\/span><\/strong><\/p>\n<p><a href=\"http:\/\/www.foerderverein-gs-kibo.de\/?p=350\"><strong>Spende der Volksbank Alzey-Worms<\/strong><\/a><\/p>\n<p><strong><a href=\"http:\/\/www.foerderverein-gs-kibo.de\/?p=350\">Auszeichnung Fairtrade-School<\/a><\/strong><\/p>\n","protected":false},"excerpt":{"rendered":"<p>Herzlich Willkommen, auf dem Blog des F\u00f6rdervereins der Grundschule Kirchheimbolanden. Wir w\u00fcnschen Ihnen viel Spa\u00df beim St\u00f6bern und freuen uns auf viele Beitr\u00e4ge. Peter Liebsch\u00a0(1. Vorsitzender) Aktuelles: 21.06.2023 19.00 Uhr Jahreshauptversammlung mit Neuwahlen 12.03.2023 Fr\u00fchlingserwachen in Kirchheimbolanden GS mit dabei. (Stand) Jahreshauptversammlung 26.04.2023 \/ 19.00 Uhr GS Lehrerzimmer \/ Gesch\u00e4ftsjahr 2022 Fairtrade Nikolausaktion f\u00fcr die [&hellip;]<\/p>\n","protected":false},"author":1,"featured_media":0,"parent":0,"menu_order":0,"comment_status":"open","ping_status":"closed","template":"","meta":{"footnotes":""},"class_list":["post-2","page","type-page","status-publish","hentry"],"_links":{"self":[{"href":"https:\/\/www.foerderverein-gs-kibo.de\/index.php?rest_route=\/wp\/v2\/pages\/2","targetHints":{"allow":["GET"]}}],"collection":[{"href":"https:\/\/www.foerderverein-gs-kibo.de\/index.php?rest_route=\/wp\/v2\/pages"}],"about":[{"href":"https:\/\/www.foerderverein-gs-kibo.de\/index.php?rest_route=\/wp\/v2\/types\/page"}],"author":[{"embeddable":true,"href":"https:\/\/www.foerderverein-gs-kibo.de\/index.php?rest_route=\/wp\/v2\/users\/1"}],"replies":[{"embeddable":true,"href":"https:\/\/www.foerderverein-gs-kibo.de\/index.php?rest_route=%2Fwp%2Fv2%2Fcomments&post=2"}],"version-history":[{"count":35,"href":"https:\/\/www.foerderverein-gs-kibo.de\/index.php?rest_route=\/wp\/v2\/pages\/2\/revisions"}],"predecessor-version":[{"id":434,"href":"https:\/\/www.foerderverein-gs-kibo.de\/index.php?rest_route=\/wp\/v2\/pages\/2\/revisions\/434"}],"wp:attachment":[{"href":"https:\/\/www.foerderverein-gs-kibo.de\/index.php?rest_route=%2Fwp%2Fv2%2Fmedia&parent=2"}],"curies":[{"name":"wp","href":"https:\/\/api.w.org\/{rel}","templated":true}]}}